{"id":4374,"date":"2024-02-10T09:16:39","date_gmt":"2024-02-10T09:16:39","guid":{"rendered":"https:\/\/albim.fr\/?post_type=product&#038;p=4374"},"modified":"2026-04-14T14:10:34","modified_gmt":"2026-04-14T14:10:34","slug":"peynirli-rulo-borek-500g","status":"publish","type":"product","link":"http:\/\/albim.fr\/fr\/product\/peynirli-rulo-borek-500g\/","title":{"rendered":"B\u00f6rek au fromage 500g"},"content":{"rendered":null,"protected":false},"excerpt":{"rendered":"<p>B\u00f6rek turc roul\u00e9 au fromage 500g d\u00e9j\u00e0 cuit (80%) surgel\u00e9<\/p>","protected":false},"featured_media":4767,"comment_status":"closed","ping_status":"closed","template":"","meta":{"iawp_total_views":790},"product_brand":[],"product_cat":[201],"product_tag":[],"class_list":{"0":"post-4374","1":"product","2":"type-product","3":"status-publish","4":"has-post-thumbnail","6":"product_cat-dondurulmus-urunler","8":"first","9":"instock","10":"taxable","11":"shipping-taxable","12":"purchasable","13":"product-type-simple"},"_links":{"self":[{"href":"http:\/\/albim.fr\/fr\/wp-json\/wp\/v2\/product\/4374","targetHints":{"allow":["GET"]}}],"collection":[{"href":"http:\/\/albim.fr\/fr\/wp-json\/wp\/v2\/product"}],"about":[{"href":"http:\/\/albim.fr\/fr\/wp-json\/wp\/v2\/types\/product"}],"replies":[{"embeddable":true,"href":"http:\/\/albim.fr\/fr\/wp-json\/wp\/v2\/comments?post=4374"}],"wp:featuredmedia":[{"embeddable":true,"href":"http:\/\/albim.fr\/fr\/wp-json\/wp\/v2\/media\/4767"}],"wp:attachment":[{"href":"http:\/\/albim.fr\/fr\/wp-json\/wp\/v2\/media?parent=4374"}],"wp:term":[{"taxonomy":"product_brand","embeddable":true,"href":"http:\/\/albim.fr\/fr\/wp-json\/wp\/v2\/product_brand?post=4374"},{"taxonomy":"product_cat","embeddable":true,"href":"http:\/\/albim.fr\/fr\/wp-json\/wp\/v2\/product_cat?post=4374"},{"taxonomy":"product_tag","embeddable":true,"href":"http:\/\/albim.fr\/fr\/wp-json\/wp\/v2\/product_tag?post=4374"}],"curies":[{"name":"wp","href":"https:\/\/api.w.org\/{rel}","templated":true}]}}