{"id":3,"date":"2023-09-14T18:27:01","date_gmt":"2023-09-14T18:27:01","guid":{"rendered":"https:\/\/albim.fr\/?page_id=3"},"modified":"2023-09-22T18:39:23","modified_gmt":"2023-09-22T18:39:23","slug":"gizlilik-politikasi","status":"publish","type":"page","link":"https:\/\/albim.fr\/fr\/gizlilik-politikasi\/","title":{"rendered":"Politique de confidentialit\u00e9"},"content":{"rendered":"<div  class=\"section-element\"><div class=\"row\"><div class=\"large-12 nasa-col columns\"><div class=\"wpb_text_column wpb_content_element\" ><p><strong>\u00a0\u00a0\u00a0\u00a0\u00a0\u00a0\u00a0\u00a0\u00a0\u00a0\u00a0\u00a0\u00a0\u00a0\u00a0\u00a0\u00a0\u00a0\u00a0\u00a0\u00a0\u00a0\u00a0\u00a0\u00a0\u00a0\u00a0\u00a0 <\/strong><\/p>\n<h1><u>Politique de Confidentialit\u00e9<\/u><\/h1>\n<p>La soci\u00e9t\u00e9 ALBIM SAS, soci\u00e9t\u00e9 par actions simplifi\u00e9e au capital social de 5.000\u20ac dont le si\u00e8ge social est situ\u00e9 2, Avenue Eug\u00e8ne H\u00e9naff, 69120 Vaulx-en-Velin, immatricul\u00e9e au Greffe du Tribunal de Commerce Lyon (\u00abALBIM\u00bb), \u00e9dite le site\u00a0<a href=\"https:\/\/albim.fr\/fr\/\">www.albim.fr<\/a> (le \u00ab\u00a0Site\u00a0\u00bb), permettant de consulter les produits de ALBIM et de les acheter en ligne.<\/p>\n<p>En se rendant sur le Site, l\u2019internaute (l\u2019 \u00ab\u00a0Utilisateur\u00a0\u00bb) est susceptible de communiquer des donn\u00e9es personnelles. ALBIM, dans le cadre de la collecte et du traitement des Donn\u00e9es Personnelles sur le Site et du parcours d\u2019inscription de l\u2019Utilisateur, intervient en qualit\u00e9 de responsable de traitement, et se conforme \u00e0 la r\u00e9glementation applicable en mati\u00e8re de Donn\u00e9es Personnelles, \u00e9manant des dispositions de la Loi Informatique et Libert\u00e9 n\u00b078-17 du 6 janvier 1978 et du R\u00e8glement (UE) n\u00b02016\/679 du 27 avril 2016 relatif \u00e0 la Protection des personnes physiques \u00e0 l\u2019\u00e9gard du traitement des Donn\u00e9es \u00e0 caract\u00e8re Personnel et \u00e0 la libre circulation de ces Donn\u00e9es Personnelles (RGPD).<\/p>\n<p>Le pr\u00e9sent document constitue la politique de confidentialit\u00e9 et de protection des Donn\u00e9es \u00e0 caract\u00e8re Personnel mise en \u0153uvre par ALBIM (ci-apr\u00e8s la \u00ab\u00a0Politique\u00a0\u00bb) et a pour objet d\u2019informer sur les engagements et mesures pratiques prises afin de veiller au respect et \u00e0 la protection des donn\u00e9es \u00e0 caract\u00e8re personnel.<\/p>\n<p>Pour toute question, vous pouvez nous contacter :<\/p>\n<ul>\n<li>par courrier postal : ALBIM SAS, 2, Avenue Eug\u00e8ne H\u00e9naff, 69120 Vaulx-en-Velin<\/li>\n<li>par email : contact@albim.fr<\/li>\n<\/ul>\n<p>&nbsp;<\/p>\n<ol>\n<li><strong>DONN\u00c9ES COLLECT\u00c9ES<\/strong><\/li>\n<\/ol>\n<p>La notion de Donn\u00e9es Personnelles d\u00e9signe toute information relative \u00e0 une personne physique identifi\u00e9e ou pouvant \u00eatre identifi\u00e9e, directement ou indirectement, par r\u00e9f\u00e9rence \u00e0 un num\u00e9ro d&#8217;identification ou \u00e0 un ou plusieurs \u00e9l\u00e9ments qui lui sont propres (\u00ab\u00a0Donn\u00e9es Personnelles\u00a0\u00bb).<\/p>\n<p>Les Donn\u00e9es Personnelles qui peuvent \u00eatre collect\u00e9es lors d\u2019une communication directe \u00e9manant de l\u2019Utilisateur sont :<\/p>\n<ul>\n<li>Informations relatives \u00e0 l\u2019identification de l\u2019Utilisateur :<\/li>\n<\/ul>\n<p>Pour les personnes physiques : nom, pr\u00e9nom, adresses postale et \u00e9lectronique, num\u00e9ro de t\u00e9l\u00e9phone (fixe et mobile), etc.<\/p>\n<p>Pour les personnes morales : nom de la soci\u00e9t\u00e9, forme juridique, num\u00e9ros SIREN et SIRET, adresse, date de cr\u00e9ation, capital social, b\u00e9n\u00e9ficiaires effectifs, r\u00e9sidence fiscal\u2026<\/p>\n<p>&nbsp;<\/p>\n<ul>\n<li>Donn\u00e9es de connexion de l\u2019Utilisateur : identifiant, mot de passe, adresse IP ;<\/li>\n<li>Donn\u00e9es de paiement de l\u2019Utilisateur : IBAN, coordonn\u00e9es de carte de cr\u00e9dit ;<\/li>\n<li>Informations que l\u2019Utilisateur est amen\u00e9 \u00e0 communiquer de mani\u00e8re facultative, notamment dans le cadre d\u2019enqu\u00eates ou sondages, ou \u00e0 sa propre initiative notamment dans le cadre de la rubrique \u00ab\u00a0contact\u00a0\u00bb du Site.<\/li>\n<\/ul>\n<p>Ces Donn\u00e9es peuvent \u00eatre collect\u00e9es\u00a0via\u00a0nos formulaires de contacts ou de cr\u00e9ations de compte.<\/p>\n<p>Les Donn\u00e9es Personnelles peuvent \u00e9galement \u00eatre collect\u00e9es indirectement, sans que l\u2019Utilisateur ne les communique. Il s\u2019agit alors des informations de navigation telles que les Cookies.<\/p>\n<p>Chaque formulaire limite la collecte des Donn\u00e9es Personnelles au strict n\u00e9cessaire et indique le caract\u00e8re facultatif ou obligatoire des r\u00e9ponses par le biais d\u2019un ast\u00e9risque.<\/p>\n<p>Si l\u2019Utilisateur ne souhaite pas fournir de tels renseignements, l\u2019acc\u00e8s \u00e0 l\u2019ensemble des fonctionnalit\u00e9s et services du Site ne lui sera pas possible et l\u2019Utilisateur aura seulement acc\u00e8s restreint au Site.<\/p>\n<p>&nbsp;<\/p>\n<ol start=\"2\">\n<li><strong>FINALIT\u00c9S DE LA COLLECTE DES DONN\u00c9ES PERSONNELLES<\/strong><\/li>\n<\/ol>\n<p>ALBIM collecte les Donn\u00e9es Personnelles des Utilisateurs sur la base du consentement de l\u2019Utilisateur, pour les besoins de son activit\u00e9 et l\u2019ex\u00e9cution du contrat, le respect d\u2019une obligation l\u00e9gale ou r\u00e9glementaire et l\u2019int\u00e9r\u00eat l\u00e9gitime, et notamment aux\u00a0fins suivantes\u00a0:<\/p>\n<ul>\n<li>lorsque l\u2019Utilisateur souhaite cr\u00e9er un compte client ;<\/li>\n<li>afin d\u2019authentifier l\u2019Utilisateur pour acc\u00e9der \u00e0 son compte client et utiliser le Site ;<\/li>\n<li>lorsque l\u2019Utilisateur souhaite passer une commande via le Site ;<\/li>\n<li>afin d\u2019analyser les donn\u00e9es de l\u2019Utilisateur et fournir des recommandations de produits\u00a0;<\/li>\n<li>afin de transmettre \u00e0 l\u2019Utilisateur des informations sur les offres commerciales de ALBIM;<\/li>\n<li>dans le cadre des \u00e9tudes statistiques et de recherche et d\u00e9veloppement r\u00e9alis\u00e9es par ALBIM, dans une optique d\u2019am\u00e9lioration constante, d\u2019automatisation et de d\u00e9veloppement de son offre ;<\/li>\n<li>pour le traitement des r\u00e9clamations, la s\u00e9curit\u00e9, la pr\u00e9vention des impay\u00e9s et de la fraude, le recouvrement et le contentieux,<\/li>\n<\/ul>\n<p>&nbsp;<\/p>\n<ol start=\"3\">\n<li><strong>DESTINATAIRES DES DONN\u00c9ES PERSONNELLES<\/strong><\/li>\n<\/ol>\n<p>Dans le cadre d\u2019une politique stricte de gestion des acc\u00e8s et de la confidentialit\u00e9, seuls les destinataires d\u00fbment habilit\u00e9s par ALBIM peuvent acc\u00e9der aux informations que l\u2019Utilisateur a pu communiquer.<\/p>\n<p>L\u2019acc\u00e8s aux Donn\u00e9es Personnelles\u00a0est limit\u00e9\u00a0:<\/p>\n<ul>\n<li>\u00e0 la soci\u00e9t\u00e9 CHRONOFRESH, en sa qualit\u00e9 de transporteur des commandes effectu\u00e9es par l\u2019Utilisateur sur le Site ;<\/li>\n<li>aux \u00e9quipes autoris\u00e9es au sein de ALBIM dans le cadre de l\u2019ex\u00e9cution de leur mission ;<\/li>\n<li>aux sous-traitants auxquels ALBIM fait appel. Nos sous-traitants peuvent uniquement utiliser les Donn\u00e9es ainsi transmises pour l\u2019ex\u00e9cution de leur mission. Dans le cadre de leurs relations contractuelles avec ALBIM, ces sous-traitants s\u2019engagent \u00e0 respecter la r\u00e9glementation en vigueur applicable au traitement de Donn\u00e9es \u00e0 caract\u00e8re personnel, et en particulier le R\u00e8glement (UE) n\u00b02016\/679 du 27 avril 2016 (RGPD)\u00a0;<\/li>\n<li>aux partenaires commerciaux de ALBIM, apporteurs d\u2019affaires, par le biais desquels l\u2019offre de ALBIM a \u00e9t\u00e9 pr\u00e9sent\u00e9e \u00e0 l\u2019Utilisateur ;<\/li>\n<li>\u00e0 des tiers autoris\u00e9s par la loi, telles que les autorit\u00e9s judiciaires ou administratives.<\/li>\n<\/ul>\n<p>&nbsp;<\/p>\n<ol start=\"4\">\n<li><strong>CONSERVATION DES DONN\u00c9ES<\/strong><\/li>\n<\/ol>\n<p>HDG SHOP ne conserve les Donn\u00e9es Personnelles des Utilisateurs que pendant le temps n\u00e9cessaire aux op\u00e9rations pour lesquelles elles ont \u00e9t\u00e9 collect\u00e9es et dans le respect de la r\u00e9glementation en vigueur.<\/p>\n<p>En application des obligations li\u00e9es \u00e0 la lutte contre le blanchiment des capitaux et le financement du terrorisme, les Donn\u00e9es peuvent \u00eatre conserv\u00e9es au maximum pendant cinq (5) ans \u00e0 compter de la fin des relations contractuelles entre ALBIM et l\u2019Utilisateur (article L.516-12 du Code Mon\u00e9taire et Financier).<\/p>\n<p>Pour les prospects ayant renseign\u00e9s leur identit\u00e9 via le formulaire de contact du Site ou de l\u2019Application, les Donn\u00e9es sont conserv\u00e9es pendant deux (2) ans \u00e0 compter du dernier contact du prospect.<\/p>\n<p>&nbsp;<\/p>\n<ol start=\"5\">\n<li><strong>H\u00c9BERGEMENT DES DONN\u00c9ES<\/strong><\/li>\n<\/ol>\n<p>Le traitement et l\u2019h\u00e9bergement des Donn\u00e9es Personnelles sont effectu\u00e9s par PRISMEA dans\u00a0l\u2019Union Europ\u00e9enne.<\/p>\n<p>N\u00e9anmoins, si ALBIM transf\u00e8re des Donn\u00e9es personnelles hors du territoire de l\u2019Union europ\u00e9enne, ALBIM garantit que ces transferts sont ex\u00e9cut\u00e9s vers des Etats, qui font l\u2019objet d\u2019une d\u00e9cision d\u2019ad\u00e9quation par la Commission europ\u00e9enne, justifiant d\u2019un niveau de protection ad\u00e9quat, au sens de l\u2019article 45 du R\u00e8glement g\u00e9n\u00e9ral europ\u00e9en 2016\/679 du 27 avril 2016 sur la protection des donn\u00e9es personnelles.<\/p>\n<p>A d\u00e9faut de d\u00e9cision d\u2019ad\u00e9quation, ALBIM peut transf\u00e9rer des Donn\u00e9es personnelles hors de l\u2019Union europ\u00e9enne \u00e0 des Sous-traitants, dans les conditions pr\u00e9vues \u00e0 l\u2019article 46 du R\u00e8glement g\u00e9n\u00e9ral europ\u00e9en 2016\/679 du 27 avril 2016 sur la protection des donn\u00e9es personnelles, notamment par l\u2019\u00e9laboration de clauses types de sous-traitance approuv\u00e9es par la CNIL.<\/p>\n<p>&nbsp;<\/p>\n<ol start=\"6\">\n<li><strong>S\u00c9CURIT\u00c9 DES DONN\u00c9ES PERSONNELLES<\/strong><\/li>\n<\/ol>\n<p>ALBIM veille \u00e0 prot\u00e9ger et s\u00e9curiser les Donn\u00e9es Personnelles que les Utilisateurs ont choisi de lui communiquer et a pris les mesures de protection physiques, \u00e9lectroniques et organisationnelles n\u00e9cessaires afin de pr\u00e9venir toute perte, mauvaise utilisation, endommagement, destruction ou divulgation des Donn\u00e9es Personnelles.<\/p>\n<p>&nbsp;<\/p>\n<ol start=\"7\">\n<li><strong>COOKIES<\/strong><\/li>\n<\/ol>\n<p>Un Cookie est un fichier texte susceptible d\u2019\u00eatre enregistr\u00e9, sous r\u00e9serve de l\u2019accord expr\u00e8s de l\u2019Utilisateur, dans un espace d\u00e9di\u00e9 du disque dur de son terminal, \u00e0 l\u2019occasion de la consultation du Site.<\/p>\n<p>Un fichier Cookie permet \u00e0 son \u00e9metteur d\u2019identifier le terminal dans lequel il est enregistr\u00e9, pendant la dur\u00e9e de validit\u00e9 ou d\u2019enregistrement du Cookie.<\/p>\n<p>&nbsp;<\/p>\n<ol start=\"8\">\n<li><strong>VOS DROITS<\/strong><\/li>\n<\/ol>\n<p>Conform\u00e9ment \u00e0 l\u2019article 13 du R\u00e8glement (UE) n\u00b02016\/679 du 27 avril 2016, tout Utilisateur peut exercer son droit d\u2019acc\u00e8s, de d\u00e9sinscription, de portabilit\u00e9, de limitation du traitement, d\u2019opposition, de rectification ou de suppression des Donn\u00e9es Personnelles le concernant en s\u2019adressant :<\/p>\n<ul>\n<li>par courrier postal : ALBIM SAS, 2, Avenue Eug\u00e8ne H\u00e9naff, 69120 Vaulx-en-Velin<\/li>\n<li>par email : contact@albim.fr<\/li>\n<\/ul>\n<p>ALBIM se r\u00e9serve la possibilit\u00e9 de solliciter de l\u2019Utilisateur tout justificatif de son identit\u00e9 en joignant \u00e0 sa demande une copie de sa pi\u00e8ce d\u2019identit\u00e9.<\/p>\n<p>Tout Utilisateur dispose \u00e9galement, sur le fondement de l\u2019article 77 du R\u00e8glement (UE) n\u00b02016\/679 du 27 avril 2016, du droit de saisir toute autorit\u00e9 de contr\u00f4le comp\u00e9tente, telle que la CNIL, s\u2019il estime qu\u2019un traitement de ses Donn\u00e9es Personnelles enfreint les exigences de la r\u00e9glementation applicable en mati\u00e8re de Donn\u00e9es Personnelles.<\/p>\n<p>&nbsp;<\/p>\n<ol start=\"9\">\n<li><strong>INFORMATION SUR LA MODIFICATION DE LA POLITIQUE DE CONFIDENTIALIT\u00c9<\/strong><\/li>\n<\/ol>\n<p>La pr\u00e9sente Politique est susceptible d\u2019\u00eatre modifi\u00e9e en fonction du d\u00e9veloppement du Site ainsi que des \u00e9volutions l\u00e9gislatives et r\u00e9glementaires et au regard des recommandations de la Commission Nationale de l\u2019Informatique et des Libert\u00e9s (CNIL). Il est par cons\u00e9quent recommand\u00e9 de relire la pr\u00e9sente Politique r\u00e9guli\u00e8rement.<\/p>\n<\/div><\/div><\/div><\/div>","protected":false},"excerpt":{"rendered":"\u00a0\u00a0\u00a0\u00a0\u00a0\u00a0\u00a0\u00a0\u00a0\u00a0\u00a0\u00a0\u00a0\u00a0\u00a0\u00a0\u00a0\u00a0\u00a0\u00a0\u00a0\u00a0\u00a0\u00a0\u00a0\u00a0\u00a0\u00a0 Politique de Confidentialit\u00e9 La soci\u00e9t\u00e9 ALBIM SAS, soci\u00e9t\u00e9 par actions simplifi\u00e9e au capital social de 5.000\u20ac dont le si\u00e8ge social est situ\u00e9 2, Avenue Eug\u00e8ne H\u00e9naff, 69120 Vaulx-en-Velin, immatricul\u00e9e au Greffe du Tribunal de Commerce Lyon (\u00abALBIM\u00bb), \u00e9dite le site\u00a0www.albim.fr (le \u00ab\u00a0Site\u00a0\u00bb), permettant de consulter les produits de ALBIM et de les acheter en [...]","protected":false},"author":1,"featured_media":0,"parent":0,"menu_order":0,"comment_status":"closed","ping_status":"open","template":"","meta":{"iawp_total_views":50,"footnotes":""},"class_list":["post-3","page","type-page","status-publish","hentry"],"_links":{"self":[{"href":"https:\/\/albim.fr\/fr\/wp-json\/wp\/v2\/pages\/3","targetHints":{"allow":["GET"]}}],"collection":[{"href":"https:\/\/albim.fr\/fr\/wp-json\/wp\/v2\/pages"}],"about":[{"href":"https:\/\/albim.fr\/fr\/wp-json\/wp\/v2\/types\/page"}],"author":[{"embeddable":true,"href":"https:\/\/albim.fr\/fr\/wp-json\/wp\/v2\/users\/1"}],"replies":[{"embeddable":true,"href":"https:\/\/albim.fr\/fr\/wp-json\/wp\/v2\/comments?post=3"}],"version-history":[{"count":4,"href":"https:\/\/albim.fr\/fr\/wp-json\/wp\/v2\/pages\/3\/revisions"}],"predecessor-version":[{"id":4037,"href":"https:\/\/albim.fr\/fr\/wp-json\/wp\/v2\/pages\/3\/revisions\/4037"}],"wp:attachment":[{"href":"https:\/\/albim.fr\/fr\/wp-json\/wp\/v2\/media?parent=3"}],"curies":[{"name":"wp","href":"https:\/\/api.w.org\/{rel}","templated":true}]}}