{"id":3953,"date":"2023-09-20T13:54:16","date_gmt":"2023-09-20T13:54:16","guid":{"rendered":"https:\/\/albim.fr\/?page_id=3953"},"modified":"2024-12-30T14:43:56","modified_gmt":"2024-12-30T14:43:56","slug":"albim-vizyon","status":"publish","type":"page","link":"https:\/\/albim.fr\/fr\/albim-vizyon\/","title":{"rendered":"Notre Historie"},"content":{"rendered":"<div  class=\"section-element\"><div class=\"row\"><\/div><\/div><div class=\"large-12 nasa-col columns\"><\/div><div class=\"wpb_text_column wpb_content_element\" ><\/div>\n<div class=\"row box-1-about\">\n<div class=\"col-md-9 welcome-about-us\">\n<div class=\"title-about-us\">\n<h3><\/h3>\n<h6><span style=\"background-color: inherit\"><span style=\"color: #424242\"><b><span style=\"font-size: 27px\">A<\/span><span style=\"font-size: 27px\">LB\u0130M<\/span><\/b><span style=\"font-family: -apple-system, BlinkMacSystemFont, 'Segoe UI', Roboto, Helvetica, Arial, sans-serif;font-size: 24px\">\u00ae<\/span><\/span><\/span><\/h6>\n<p style=\"font-size: 13px\"><span style=\"font-size: 27px;background-color: inherit\"><b><span style=\"color: #424242\">Qui Sommes Nous?<\/span><\/b><\/span><\/p>\n<p data-pm-slice=\"1 1 []\"><span class=\"s4\">Notre histoire a commenc\u00e9 \u00e0 Lyon, en France, en 2015. Originaires de Kayseri, une ville renomm\u00e9e pour ses mant\u0131s (raviolis turcs), nous avons grandi avec les saveurs authentiques de la cuisine turque, transmises par nos m\u00e8res. En r\u00e9alisant qu\u2019il \u00e9tait difficile de trouver des mant\u0131s halal, de qualit\u00e9 sup\u00e9rieure et fra\u00eechement pr\u00e9par\u00e9s, nous avons d\u00e9cid\u00e9 de les cr\u00e9er nous-m\u00eames, avec le m\u00eame savoir-faire et la passion que nos familles nous ont inculqu\u00e9s.\n\n<br><b>Un Engagement pour l'Authenticit\u00e9 et la Qualit\u00e9<\/b>\n<br>Pour recr\u00e9er l\u2019indispensable mant\u0131 dans toute sa richesse, nous avons investi dans des techniques modernes et des standards \u00e9lev\u00e9s, tout en respectant les traditions ancestrales. Chaque produit est \u00e9labor\u00e9 avec soin pour garantir un go\u00fbt incomparable, dans des conditions d\u2019hygi\u00e8ne et de s\u00e9curit\u00e9 optimales.\n\nMais notre aventure culinaire ne s\u2019arr\u00eate pas l\u00e0 ! En plus des mant\u0131s, nous avons \u00e9largi notre gamme avec des produits embl\u00e9matiques tels que le kibbeh, la pizza turque (lahmacun), les p\u00e2tes turques, les nouilles, le pain plat (p\u00e2te phyllo) et bien d'autres. Et ce n\u2019est qu\u2019un d\u00e9but : de nouveaux produits sont d\u00e9j\u00e0 en cours de d\u00e9veloppement pour satisfaire vos papilles.\n\n<br><b>Fra\u00eecheur Garantie avec la Technologie IQF<\/b>\n<br>Nous avons pens\u00e9 \u00e0 tout pour que chaque bouch\u00e9e soit parfaite. Nos produits sont surg\u00e9l\u00e9s instantan\u00e9ment gr\u00e2ce \u00e0 la technologie IQF (Individual Quick Frozen) \u00e0 -40\u00b0C, pr\u00e9servant ainsi leur fra\u00eecheur et leur qualit\u00e9 jusqu\u2019\u00e0 ce qu\u2019ils arrivent dans vos assiettes.\n\n<br><b>Une Cuisine 100% Halal, \u00c0 Votre Table<\/b>\n<br>Notre mission est simple : offrir des saveurs authentiques, 100% halal, avec une qualit\u00e9 irr\u00e9prochable. Rejoignez-nous dans cette aventure culinaire et d\u00e9couvrez l\u2019essence de la tradition turque, directement chez vous.<\/span><\/p>\n<p class=\"p6\" style=\"margin-bottom: 12px;font-size: 18px;line-height: normal;font-family: Helvetica;color: #1a1a1a\">\n<span class=\"s4\"><b>Bizi takipte kal\u0131n. G\u00f6n\u00fcl rahatl\u0131\u011f\u0131 ile %100 Helal \u00fcr\u00fcnlerimizi t\u00fcketmeye devam edin.<\/b><\/span><\/p>\n<p><iframe title=\"Albim Anadolu lezzetlerini aya\u011f\u0131n\u0131za getiriyor\" width=\"1200\" height=\"675\" src=\"https:\/\/www.youtube.com\/embed\/IeFX4Sr2r9I?feature=oembed\" frameborder=\"0\" allow=\"accelerometer; autoplay; clipboard-write; encrypted-media; gyroscope; picture-in-picture; web-share\" referrerpolicy=\"strict-origin-when-cross-origin\" allowfullscreen><\/iframe><\/p>\n<\/div>\n<\/div>\n<\/div>","protected":false},"excerpt":{"rendered":"<p>ALB\u0130M\u00ae Biz Kimiz? Hikayemizin ba\u015flad\u0131\u011f\u0131 2015 y\u0131l\u0131ndan itibaren geleneksel Anadolu lezzetlerini en do\u011fal haliyle t\u00fcketicilere sunmak i\u00e7in durmadan, yorulmadan \u00e7abal\u0131yoruz. Taze yufka \u00fcretimiyle ba\u015flayan bu gastronomi ser\u00fcveni, m\u00fc\u015fterilerimizin talepleri do\u011frultusunda Kayseri mant\u0131s\u0131, i\u00e7li k\u00f6fte, lahmacun, k\u00fcnefe, simit gibi daha bir\u00e7ok y\u00f6resel lezzetin eklenmesiyle devam etmektedir. Gelenekle gelece\u011fi bulu\u015fturdu\u011fumuz fabrikam\u0131zda, geli\u015fmi\u015f so\u011futma sistemlerinin kullan\u0131ld\u0131\u011f\u0131 IQF teknolojisinden [&hellip;]<\/p>","protected":false},"author":1,"featured_media":0,"parent":0,"menu_order":0,"comment_status":"closed","ping_status":"closed","template":"","meta":{"iawp_total_views":1657,"footnotes":""},"class_list":["post-3953","page","type-page","status-publish","hentry"],"_links":{"self":[{"href":"https:\/\/albim.fr\/fr\/wp-json\/wp\/v2\/pages\/3953","targetHints":{"allow":["GET"]}}],"collection":[{"href":"https:\/\/albim.fr\/fr\/wp-json\/wp\/v2\/pages"}],"about":[{"href":"https:\/\/albim.fr\/fr\/wp-json\/wp\/v2\/types\/page"}],"author":[{"embeddable":true,"href":"https:\/\/albim.fr\/fr\/wp-json\/wp\/v2\/users\/1"}],"replies":[{"embeddable":true,"href":"https:\/\/albim.fr\/fr\/wp-json\/wp\/v2\/comments?post=3953"}],"version-history":[{"count":12,"href":"https:\/\/albim.fr\/fr\/wp-json\/wp\/v2\/pages\/3953\/revisions"}],"predecessor-version":[{"id":4806,"href":"https:\/\/albim.fr\/fr\/wp-json\/wp\/v2\/pages\/3953\/revisions\/4806"}],"wp:attachment":[{"href":"https:\/\/albim.fr\/fr\/wp-json\/wp\/v2\/media?parent=3953"}],"curies":[{"name":"wp","href":"https:\/\/api.w.org\/{rel}","templated":true}]}}