{"id":3989,"date":"2023-09-20T19:08:59","date_gmt":"2023-09-20T19:08:59","guid":{"rendered":"https:\/\/albim.fr\/?page_id=3989"},"modified":"2023-09-22T18:37:46","modified_gmt":"2023-09-22T18:37:46","slug":"yasal-uyari","status":"publish","type":"page","link":"https:\/\/albim.fr\/fr\/yasal-uyari\/","title":{"rendered":"Mentions l\u00e9gales"},"content":{"rendered":"<div  class=\"section-element\"><div class=\"row\"><div class=\"nasa-large-5-col-4 nasa-col columns\"><div class=\"wpb_text_column wpb_content_element\" ><p><strong>Mentions l\u00e9gales<\/strong><\/p>\n<p>Le propri\u00e9taire et \u00e9diteur du pr\u00e9sent Site Internet est la soci\u00e9t\u00e9 ALBIM SAS, soci\u00e9t\u00e9 anonyme au capital de 5.000 euros, 02, Avenue Eug\u00e8ne H\u00e9naff, 69120 Vaulx-en-Velin, immatricul\u00e9e au Greffe Tribunal de Commerce de Lyon sous le num\u00e9ro 895 392 223 R.C.S Lyon, n\u00b0 de TVA intracommunautaire FR10895392223<\/p>\n<p>Tel : +33 (0)4 82 91 51 53\/ +33 (0)6 38 94 32 88<\/p>\n<p>Le Directeur de la publication du pr\u00e9sent site est Monsieur KARA Ebrar, en sa qualit\u00e9 de Pr\u00e9sident.<\/p>\n<p>La conception et la r\u00e9alisation sont r\u00e9alis\u00e9es par https:\/\/4asoft.com.tr\/<\/p>\n<p>L\u2019\u00e9dition, l\u2019exploitation et le stockage direct et permanent du pr\u00e9sent site sont assur\u00e9s par la soci\u00e9t\u00e9 ALBIM SAS susvis\u00e9e.<\/p>\n<p>Les utilisateurs du site peuvent contacter par courriel le webmaster du pr\u00e9sent site \u00e0 l\u2019adresse suivante : <a href=\"mailto:contact@albim.fr\">contact@albim.fr<\/a>.<\/p>\n<\/div><\/div><\/div><\/div>","protected":false},"excerpt":{"rendered":"Mentions l\u00e9gales Le propri\u00e9taire et \u00e9diteur du pr\u00e9sent Site Internet est la soci\u00e9t\u00e9 ALBIM SAS, soci\u00e9t\u00e9 anonyme au capital de 5.000 euros, 02, Avenue Eug\u00e8ne H\u00e9naff, 69120 Vaulx-en-Velin, immatricul\u00e9e au Greffe Tribunal de Commerce de Lyon sous le num\u00e9ro 895 392 223 R.C.S Lyon, n\u00b0 de TVA intracommunautaire FR10895392223 Tel : +33 (0)4 82 91 [...]","protected":false},"author":1,"featured_media":0,"parent":0,"menu_order":0,"comment_status":"closed","ping_status":"closed","template":"","meta":{"iawp_total_views":51,"footnotes":""},"class_list":["post-3989","page","type-page","status-publish","hentry"],"_links":{"self":[{"href":"https:\/\/albim.fr\/fr\/wp-json\/wp\/v2\/pages\/3989","targetHints":{"allow":["GET"]}}],"collection":[{"href":"https:\/\/albim.fr\/fr\/wp-json\/wp\/v2\/pages"}],"about":[{"href":"https:\/\/albim.fr\/fr\/wp-json\/wp\/v2\/types\/page"}],"author":[{"embeddable":true,"href":"https:\/\/albim.fr\/fr\/wp-json\/wp\/v2\/users\/1"}],"replies":[{"embeddable":true,"href":"https:\/\/albim.fr\/fr\/wp-json\/wp\/v2\/comments?post=3989"}],"version-history":[{"count":7,"href":"https:\/\/albim.fr\/fr\/wp-json\/wp\/v2\/pages\/3989\/revisions"}],"predecessor-version":[{"id":4036,"href":"https:\/\/albim.fr\/fr\/wp-json\/wp\/v2\/pages\/3989\/revisions\/4036"}],"wp:attachment":[{"href":"https:\/\/albim.fr\/fr\/wp-json\/wp\/v2\/media?parent=3989"}],"curies":[{"name":"wp","href":"https:\/\/api.w.org\/{rel}","templated":true}]}}