{"id":1299,"date":"2018-02-14T10:09:37","date_gmt":"2018-02-14T10:09:37","guid":{"rendered":"https:\/\/elessi.nasatheme.com\/?post_type=product&#038;p=1299"},"modified":"2025-11-14T22:44:02","modified_gmt":"2025-11-14T22:44:02","slug":"ucgen-yufka-24","status":"publish","type":"product","link":"https:\/\/albim.fr\/fr\/product\/ucgen-yufka-24\/","title":{"rendered":"P\u00e2te \u00e0 filo triangle pour borek x24"},"content":{"rendered":null,"protected":false},"excerpt":{"rendered":"<p>Notre p\u00e2te ne contient aucun additif. La dur\u00e9e de vie maximale \u00e0 5 \u00b0C est de 5 jours. Il peut \u00eatre stock\u00e9 dans le cong\u00e9lateur.<\/p>","protected":false},"featured_media":4785,"comment_status":"closed","ping_status":"closed","template":"","meta":{"iawp_total_views":1556},"product_brand":[],"product_cat":[201],"product_tag":[],"class_list":{"0":"post-1299","1":"product","2":"type-product","3":"status-publish","4":"has-post-thumbnail","6":"product_cat-dondurulmus-urunler","8":"first","9":"instock","10":"taxable","11":"shipping-taxable","12":"purchasable","13":"product-type-simple"},"_links":{"self":[{"href":"https:\/\/albim.fr\/fr\/wp-json\/wp\/v2\/product\/1299","targetHints":{"allow":["GET"]}}],"collection":[{"href":"https:\/\/albim.fr\/fr\/wp-json\/wp\/v2\/product"}],"about":[{"href":"https:\/\/albim.fr\/fr\/wp-json\/wp\/v2\/types\/product"}],"replies":[{"embeddable":true,"href":"https:\/\/albim.fr\/fr\/wp-json\/wp\/v2\/comments?post=1299"}],"wp:featuredmedia":[{"embeddable":true,"href":"https:\/\/albim.fr\/fr\/wp-json\/wp\/v2\/media\/4785"}],"wp:attachment":[{"href":"https:\/\/albim.fr\/fr\/wp-json\/wp\/v2\/media?parent=1299"}],"wp:term":[{"taxonomy":"product_brand","embeddable":true,"href":"https:\/\/albim.fr\/fr\/wp-json\/wp\/v2\/product_brand?post=1299"},{"taxonomy":"product_cat","embeddable":true,"href":"https:\/\/albim.fr\/fr\/wp-json\/wp\/v2\/product_cat?post=1299"},{"taxonomy":"product_tag","embeddable":true,"href":"https:\/\/albim.fr\/fr\/wp-json\/wp\/v2\/product_tag?post=1299"}],"curies":[{"name":"wp","href":"https:\/\/api.w.org\/{rel}","templated":true}]}}