{"id":3880,"date":"2023-09-18T19:36:22","date_gmt":"2023-09-18T19:36:22","guid":{"rendered":"https:\/\/albim.fr\/?post_type=product&#038;p=3880"},"modified":"2025-12-12T15:34:00","modified_gmt":"2025-12-12T15:34:00","slug":"kiymali-kayseri-mantisi-2-5kg","status":"publish","type":"product","link":"https:\/\/albim.fr\/fr\/product\/kiymali-kayseri-mantisi-2-5kg\/","title":{"rendered":"Manti Kayseri 2.5kg"},"content":{"rendered":"<p>D\u00e9couvrez les Kayseri Mant\u0131s\u0131, de d\u00e9licats raviolis turcs pr\u00e9par\u00e9s avec une p\u00e2te fine et une farce savoureuse \u00e0 base de viande hach\u00e9e assaisonn\u00e9e d\u2019oignon et d\u2019\u00e9pices. Chaque pi\u00e8ce est fa\u00e7onn\u00e9e avec soin, puis cuite jusqu\u2019\u00e0 obtenir une texture tendre et l\u00e9g\u00e8re.<\/p>\n<p><strong>Ingredient:\u00a0<\/strong><\/p>\n<p>Farine de <strong>bl\u00e9<\/strong>, viande de boeuf (21,2%), eau, chapelure (Farine de bl\u00e9, eau, sel), <strong>oeuf<\/strong>, oignon, sel, flocons de piment rouge.<br \/>\nBoeuf halal: origine UE<\/p>\n<p><strong>Allerg\u00e8nes:<\/strong><\/p>\n<p>Bl\u00e9 ( gluten), oeuf<\/p>\n<p>Peut contenir des traces de lait<\/p>\n<p><strong>Valeur Ntritionnelle :\u00a0<\/strong><\/p>\n<div>\n<table>\n<tbody>\n<tr>\n<td>\n<div>\n<p>Energie kJ<\/p>\n<\/div>\n<\/td>\n<td>1032<\/td>\n<\/tr>\n<tr>\n<td>\n<div>\n<p>Energie kcal<\/p>\n<\/div>\n<\/td>\n<td>245<\/td>\n<\/tr>\n<tr>\n<td>\n<div>\n<p>Mati\u00e8res grasses<\/p>\n<\/div>\n<\/td>\n<td>4<\/td>\n<\/tr>\n<tr>\n<td>\n<div>\n<p>Acides gras satur\u00e9s<\/p>\n<\/div>\n<\/td>\n<td>\n<div>\n<p>1<\/p>\n<\/div>\n<\/td>\n<\/tr>\n<tr>\n<td>\n<div>\n<p>Glucides<\/p>\n<\/div>\n<\/td>\n<td>\n<div>\n<p>41<\/p>\n<\/div>\n<\/td>\n<\/tr>\n<tr>\n<td>\n<div>\n<p>Sucres<\/p>\n<\/div>\n<\/td>\n<td>\n<div>\n<p>1<\/p>\n<\/div>\n<\/td>\n<\/tr>\n<tr>\n<td>\n<div>\n<p>Fibres alimentaires<\/p>\n<\/div>\n<\/td>\n<td>0<\/td>\n<\/tr>\n<tr>\n<td>\n<div>\n<p>Prot\u00e9ines<\/p>\n<\/div>\n<\/td>\n<td>10<\/td>\n<\/tr>\n<tr>\n<td>\n<div>\n<p>Sel<\/p>\n<\/div>\n<\/td>\n<td>0,63<\/td>\n<\/tr>\n<\/tbody>\n<\/table>\n<\/div>","protected":false},"excerpt":{"rendered":"<p>Ravioli Turc \u00e0 la Viande Hach\u00e9e (Surgel\u00e9es) Sachet de 2.5kg.<\/p>","protected":false},"featured_media":4778,"comment_status":"closed","ping_status":"closed","template":"","meta":{"iawp_total_views":4794},"product_brand":[],"product_cat":[201,203],"product_tag":[],"class_list":{"0":"post-3880","1":"product","2":"type-product","3":"status-publish","4":"has-post-thumbnail","6":"product_cat-dondurulmus-urunler","7":"product_cat-mantilar","9":"first","10":"instock","11":"taxable","12":"shipping-taxable","13":"purchasable","14":"product-type-simple"},"_links":{"self":[{"href":"https:\/\/albim.fr\/fr\/wp-json\/wp\/v2\/product\/3880","targetHints":{"allow":["GET"]}}],"collection":[{"href":"https:\/\/albim.fr\/fr\/wp-json\/wp\/v2\/product"}],"about":[{"href":"https:\/\/albim.fr\/fr\/wp-json\/wp\/v2\/types\/product"}],"replies":[{"embeddable":true,"href":"https:\/\/albim.fr\/fr\/wp-json\/wp\/v2\/comments?post=3880"}],"wp:featuredmedia":[{"embeddable":true,"href":"https:\/\/albim.fr\/fr\/wp-json\/wp\/v2\/media\/4778"}],"wp:attachment":[{"href":"https:\/\/albim.fr\/fr\/wp-json\/wp\/v2\/media?parent=3880"}],"wp:term":[{"taxonomy":"product_brand","embeddable":true,"href":"https:\/\/albim.fr\/fr\/wp-json\/wp\/v2\/product_brand?post=3880"},{"taxonomy":"product_cat","embeddable":true,"href":"https:\/\/albim.fr\/fr\/wp-json\/wp\/v2\/product_cat?post=3880"},{"taxonomy":"product_tag","embeddable":true,"href":"https:\/\/albim.fr\/fr\/wp-json\/wp\/v2\/product_tag?post=3880"}],"curies":[{"name":"wp","href":"https:\/\/api.w.org\/{rel}","templated":true}]}}