{"id":3899,"date":"2023-09-18T19:55:52","date_gmt":"2023-09-18T19:55:52","guid":{"rendered":"https:\/\/albim.fr\/?post_type=product&#038;p=3899"},"modified":"2025-11-19T15:02:26","modified_gmt":"2025-11-19T15:02:26","slug":"kare-manti-1kg","status":"publish","type":"product","link":"https:\/\/albim.fr\/fr\/product\/kare-manti-1kg\/","title":{"rendered":"P\u00e2te Turc Carr\u00e9 1kg"},"content":{"rendered":"<p>Les Kare mant\u0131 sont des p\u00e2tes turques traditionnelles d\u00e9coup\u00e9es en petits carr\u00e9s. Souvent servies dans des soupes ou accompagn\u00e9es de sauces savoureuses, ces p\u00e2tes offrent une texture tendre et l\u00e9g\u00e8rement ferme, id\u00e9ale pour absorber les ar\u00f4mes des plats dans lesquels elles sont int\u00e9gr\u00e9es. Leur forme simple mais authentique en fait un ingr\u00e9dient polyvalent de la cuisine turque.<\/p>\n<p><strong>Ingredient:\u00a0<\/strong><\/p>\n<p>Farine de <strong>bl\u00e9<\/strong>, eau, <strong>oeuf<\/strong>, sel<\/p>\n<p><strong>Allerig\u00e8nes:<\/strong><\/p>\n<p>Bl\u00e9 ( gluten), oeuf<\/p>\n<p>Peut contenir des traces de lait<\/p>\n<p><strong>Nutri-score:\u00a0<\/strong><\/p>\n<div>\n<table>\n<tbody>\n<tr>\n<td>\n<div>\n<p>Energie kJ<\/p>\n<\/div>\n<\/td>\n<td>799<\/td>\n<\/tr>\n<tr>\n<td>\n<div>\n<p>Energie kcal<\/p>\n<\/div>\n<\/td>\n<td>189<\/td>\n<\/tr>\n<tr>\n<td>\n<div>\n<p>Mati\u00e8res grasses<\/p>\n<\/div>\n<\/td>\n<td>0,8<\/td>\n<\/tr>\n<tr>\n<td>\n<div>\n<p>Acides gras satur\u00e9s<\/p>\n<\/div>\n<\/td>\n<td>0,1<\/td>\n<\/tr>\n<tr>\n<td>\n<div>\n<p>Glucides<\/p>\n<\/div>\n<\/td>\n<td>39<\/td>\n<\/tr>\n<tr>\n<td>\n<div>\n<p>Sucres<\/p>\n<\/div>\n<\/td>\n<td>0,8<\/td>\n<\/tr>\n<tr>\n<td>\n<div>\n<p>Fibres alimentaires<\/p>\n<\/div>\n<\/td>\n<td>0<\/td>\n<\/tr>\n<tr>\n<td>\n<div>\n<p>Prot\u00e9ines<\/p>\n<\/div>\n<\/td>\n<td>6<\/td>\n<\/tr>\n<tr>\n<td>\n<div>\n<p>Sel<\/p>\n<\/div>\n<\/td>\n<td>\n<div>\n<p>1,0<\/p>\n<\/div>\n<\/td>\n<\/tr>\n<\/tbody>\n<\/table>\n<\/div>","protected":false},"excerpt":{"rendered":"<p>Kare Mant\u0131m\u0131z dondurucuda muhafaza edilmelidir. Kullan\u0131m \u00f6mr\u00fc 6 ayd\u0131r.<\/p>","protected":false},"featured_media":4787,"comment_status":"closed","ping_status":"closed","template":"","meta":{"iawp_total_views":1928},"product_brand":[],"product_cat":[200],"product_tag":[],"class_list":{"0":"post-3899","1":"product","2":"type-product","3":"status-publish","4":"has-post-thumbnail","6":"product_cat-kuru-urunler","8":"first","9":"instock","10":"taxable","11":"shipping-taxable","12":"purchasable","13":"product-type-simple"},"_links":{"self":[{"href":"https:\/\/albim.fr\/fr\/wp-json\/wp\/v2\/product\/3899","targetHints":{"allow":["GET"]}}],"collection":[{"href":"https:\/\/albim.fr\/fr\/wp-json\/wp\/v2\/product"}],"about":[{"href":"https:\/\/albim.fr\/fr\/wp-json\/wp\/v2\/types\/product"}],"replies":[{"embeddable":true,"href":"https:\/\/albim.fr\/fr\/wp-json\/wp\/v2\/comments?post=3899"}],"wp:featuredmedia":[{"embeddable":true,"href":"https:\/\/albim.fr\/fr\/wp-json\/wp\/v2\/media\/4787"}],"wp:attachment":[{"href":"https:\/\/albim.fr\/fr\/wp-json\/wp\/v2\/media?parent=3899"}],"wp:term":[{"taxonomy":"product_brand","embeddable":true,"href":"https:\/\/albim.fr\/fr\/wp-json\/wp\/v2\/product_brand?post=3899"},{"taxonomy":"product_cat","embeddable":true,"href":"https:\/\/albim.fr\/fr\/wp-json\/wp\/v2\/product_cat?post=3899"},{"taxonomy":"product_tag","embeddable":true,"href":"https:\/\/albim.fr\/fr\/wp-json\/wp\/v2\/product_tag?post=3899"}],"curies":[{"name":"wp","href":"https:\/\/api.w.org\/{rel}","templated":true}]}}