{"id":3903,"date":"2023-09-18T19:59:24","date_gmt":"2023-09-18T19:59:24","guid":{"rendered":"https:\/\/albim.fr\/?post_type=product&#038;p=3903"},"modified":"2025-11-19T14:51:24","modified_gmt":"2025-11-19T14:51:24","slug":"eriste-700g","status":"publish","type":"product","link":"https:\/\/albim.fr\/fr\/product\/eriste-700g\/","title":{"rendered":"P\u00e2te Turc Eriste 700g"},"content":{"rendered":"<p data-start=\"135\" data-end=\"510\">L\u2019Eri\u015fte est une p\u00e2te traditionnelle turque, faite maison et d\u00e9coup\u00e9e en larges bandes. Ressemblant \u00e0 des tagliatelles, elle est parfaite pour accompagner des sauces riches ou pour \u00eatre int\u00e9gr\u00e9e dans des soupes et des plats mijot\u00e9s. Pr\u00e9par\u00e9e \u00e0 partir de farine et d&#8217;eau, l\u2019Eri\u015fte offre une texture tendre et l\u00e9g\u00e8rement ferme qui capte parfaitement les saveurs des sauces.<\/p>\n<p data-start=\"512\" data-end=\"585\">Un d\u00e9lice simple et r\u00e9confortant, typique de la cuisine familiale turque.<\/p>\n<p><strong>Ingredient:\u00a0<\/strong><\/p>\n<p>Farine de <strong>bl\u00e9<\/strong>, eau, <strong>oeuf<\/strong>, sel<\/p>\n<p><strong>Allerig\u00e8nes:<\/strong><\/p>\n<p>Bl\u00e9 ( gluten), oeuf<\/p>\n<p>Peut contenir des traces de lait<\/p>\n<p><strong>Nutri-score:\u00a0<\/strong><\/p>\n<div>\n<table>\n<tbody>\n<tr>\n<td>\n<div>\n<p>Energie kJ<\/p>\n<\/div>\n<\/td>\n<td>1127<\/td>\n<\/tr>\n<tr>\n<td>\n<div>\n<p>Energie kcal<\/p>\n<\/div>\n<\/td>\n<td>\n<div>\n<p>267<\/p>\n<\/div>\n<\/td>\n<\/tr>\n<tr>\n<td>\n<div>\n<p>Mati\u00e8res grasses<\/p>\n<\/div>\n<\/td>\n<td>2<\/td>\n<\/tr>\n<tr>\n<td>\n<div>\n<p>Acides gras satur\u00e9s<\/p>\n<\/div>\n<\/td>\n<td>0<\/td>\n<\/tr>\n<tr>\n<td>\n<div>\n<p>Glucides<\/p>\n<\/div>\n<\/td>\n<td>54<\/td>\n<\/tr>\n<tr>\n<td>\n<div>\n<p>Sucres<\/p>\n<\/div>\n<\/td>\n<td>\n<div>\n<p>1<\/p>\n<\/div>\n<\/td>\n<\/tr>\n<tr>\n<td>\n<div>\n<p>Fibres alimentaires<\/p>\n<\/div>\n<\/td>\n<td>0<\/td>\n<\/tr>\n<tr>\n<td>\n<div>\n<p>Prot\u00e9ines<\/p>\n<\/div>\n<\/td>\n<td>8<\/td>\n<\/tr>\n<tr>\n<td>\n<div>\n<p>Sel<\/p>\n<\/div>\n<\/td>\n<td>\n<div>\n<p>1<\/p>\n<\/div>\n<\/td>\n<\/tr>\n<\/tbody>\n<\/table>\n<\/div>","protected":false},"excerpt":{"rendered":"<p>Eri\u015ftelerimiz dondurucuda muhafaza edilmelidir. Kullan\u0131m \u00f6mr\u00fc 6 ayd\u0131r&#8230;<\/p>","protected":false},"featured_media":4776,"comment_status":"closed","ping_status":"closed","template":"","meta":{"iawp_total_views":1288},"product_brand":[],"product_cat":[200],"product_tag":[],"class_list":{"0":"post-3903","1":"product","2":"type-product","3":"status-publish","4":"has-post-thumbnail","6":"product_cat-kuru-urunler","8":"first","9":"instock","10":"taxable","11":"shipping-taxable","12":"purchasable","13":"product-type-simple"},"_links":{"self":[{"href":"https:\/\/albim.fr\/fr\/wp-json\/wp\/v2\/product\/3903","targetHints":{"allow":["GET"]}}],"collection":[{"href":"https:\/\/albim.fr\/fr\/wp-json\/wp\/v2\/product"}],"about":[{"href":"https:\/\/albim.fr\/fr\/wp-json\/wp\/v2\/types\/product"}],"replies":[{"embeddable":true,"href":"https:\/\/albim.fr\/fr\/wp-json\/wp\/v2\/comments?post=3903"}],"wp:featuredmedia":[{"embeddable":true,"href":"https:\/\/albim.fr\/fr\/wp-json\/wp\/v2\/media\/4776"}],"wp:attachment":[{"href":"https:\/\/albim.fr\/fr\/wp-json\/wp\/v2\/media?parent=3903"}],"wp:term":[{"taxonomy":"product_brand","embeddable":true,"href":"https:\/\/albim.fr\/fr\/wp-json\/wp\/v2\/product_brand?post=3903"},{"taxonomy":"product_cat","embeddable":true,"href":"https:\/\/albim.fr\/fr\/wp-json\/wp\/v2\/product_cat?post=3903"},{"taxonomy":"product_tag","embeddable":true,"href":"https:\/\/albim.fr\/fr\/wp-json\/wp\/v2\/product_tag?post=3903"}],"curies":[{"name":"wp","href":"https:\/\/api.w.org\/{rel}","templated":true}]}}