{"id":4866,"date":"2025-02-23T09:00:47","date_gmt":"2025-02-23T09:00:47","guid":{"rendered":"https:\/\/albim.fr\/?post_type=product&#038;p=4866"},"modified":"2025-12-12T15:35:07","modified_gmt":"2025-12-12T15:35:07","slug":"sulu-kofte-400gr","status":"publish","type":"product","link":"https:\/\/albim.fr\/fr\/product\/sulu-kofte-400gr\/","title":{"rendered":"Sulu k\u00f6fte 1kg"},"content":{"rendered":"<p data-start=\"166\" data-end=\"499\">Le Sulu K\u00f6fte est un plat traditionnel turc compos\u00e9 de petites boulettes de viande \u00e9pic\u00e9es, cuites lentement dans un bouillon riche et parfum\u00e9. Les boulettes sont faites \u00e0 base de viande hach\u00e9e, de riz et d\u2019\u00e9pices, puis mijot\u00e9es dans une sauce \u00e0 base de tomates, oignons et l\u00e9gumes, cr\u00e9ant ainsi un m\u00e9lange harmonieux de saveurs.<\/p>\n<p data-start=\"501\" data-end=\"672\">Servi chaud, ce plat r\u00e9confortant et offrant une exp\u00e9rience gourmande et chaleureuse \u00e0 chaque bouch\u00e9e.<\/p>\n<p><strong>Ingredient:\u00a0<\/strong><\/p>\n<p>Viande de boeuf ( 48%), boulgour extra fin (<strong>bl\u00e9<\/strong>), eau, farine de <strong>bl\u00e9<\/strong>, oeuf, huile de tournesol, oignon d\u00e9shydrat\u00e9, sel, piment doux, prot\u00e9ine de pois chiche, poivre noir.<\/p>\n<p>Boeuf halal: origine UE<\/p>\n<p><strong>Allerg\u00e8nes:<\/strong><\/p>\n<p>Bl\u00e9 ( gluten),oeuf<\/p>\n<p><strong>Vlaur Nutritionnelle :\u00a0<\/strong><\/p>\n<div>\n<table>\n<tbody>\n<tr>\n<td>\n<div>\n<p>Energie kJ<\/p>\n<\/div>\n<\/td>\n<td>\n<div>\n<p>945<\/p>\n<\/div>\n<\/td>\n<\/tr>\n<tr>\n<td>\n<div>\n<p>Energie kcal<\/p>\n<\/div>\n<\/td>\n<td>\n<div>\n<p>225<\/p>\n<\/div>\n<\/td>\n<\/tr>\n<tr>\n<td>\n<div>\n<p>Mati\u00e8res grasses<\/p>\n<\/div>\n<\/td>\n<td>9,8<\/td>\n<\/tr>\n<tr>\n<td>\n<div>\n<p>Acides gras satur\u00e9s<\/p>\n<\/div>\n<\/td>\n<td>3,2<\/td>\n<\/tr>\n<tr>\n<td>\n<div>\n<p>Glucides<\/p>\n<\/div>\n<\/td>\n<td>14<\/td>\n<\/tr>\n<tr>\n<td>\n<div>\n<p>Sucres<\/p>\n<\/div>\n<\/td>\n<td>\n<div>\n<p>1,4<\/p>\n<\/div>\n<\/td>\n<\/tr>\n<tr>\n<td>\n<div>\n<p>Fibres alimentaires<\/p>\n<\/div>\n<\/td>\n<td>0,9<\/td>\n<\/tr>\n<tr>\n<td>\n<div>\n<p>Prot\u00e9ines<\/p>\n<\/div>\n<\/td>\n<td>15<\/td>\n<\/tr>\n<tr>\n<td>\n<div>\n<p>Sel<\/p>\n<\/div>\n<\/td>\n<td>0,70<\/td>\n<\/tr>\n<\/tbody>\n<\/table>\n<\/div>","protected":false},"excerpt":{"rendered":"<p>Le Sulu K\u00f6fte est un plat traditionnel turc compos\u00e9 de petites boulettes de viande \u00e9pic\u00e9es, cuites lentement dans un bouillon riche et parfum\u00e9. Les boulettes sont faites \u00e0 base de viande hach\u00e9e, de riz et d\u2019\u00e9pices, puis mijot\u00e9es dans une sauce \u00e0 base de tomates, oignons et l\u00e9gumes, cr\u00e9ant ainsi un m\u00e9lange harmonieux de saveurs. [&hellip;]<\/p>","protected":false},"featured_media":4867,"comment_status":"closed","ping_status":"closed","template":"","meta":{"iawp_total_views":2834},"product_brand":[],"product_cat":[201],"product_tag":[],"class_list":{"0":"post-4866","1":"product","2":"type-product","3":"status-publish","4":"has-post-thumbnail","6":"product_cat-dondurulmus-urunler","8":"first","9":"instock","10":"taxable","11":"shipping-taxable","12":"purchasable","13":"product-type-simple"},"_links":{"self":[{"href":"https:\/\/albim.fr\/fr\/wp-json\/wp\/v2\/product\/4866","targetHints":{"allow":["GET"]}}],"collection":[{"href":"https:\/\/albim.fr\/fr\/wp-json\/wp\/v2\/product"}],"about":[{"href":"https:\/\/albim.fr\/fr\/wp-json\/wp\/v2\/types\/product"}],"replies":[{"embeddable":true,"href":"https:\/\/albim.fr\/fr\/wp-json\/wp\/v2\/comments?post=4866"}],"wp:featuredmedia":[{"embeddable":true,"href":"https:\/\/albim.fr\/fr\/wp-json\/wp\/v2\/media\/4867"}],"wp:attachment":[{"href":"https:\/\/albim.fr\/fr\/wp-json\/wp\/v2\/media?parent=4866"}],"wp:term":[{"taxonomy":"product_brand","embeddable":true,"href":"https:\/\/albim.fr\/fr\/wp-json\/wp\/v2\/product_brand?post=4866"},{"taxonomy":"product_cat","embeddable":true,"href":"https:\/\/albim.fr\/fr\/wp-json\/wp\/v2\/product_cat?post=4866"},{"taxonomy":"product_tag","embeddable":true,"href":"https:\/\/albim.fr\/fr\/wp-json\/wp\/v2\/product_tag?post=4866"}],"curies":[{"name":"wp","href":"https:\/\/api.w.org\/{rel}","templated":true}]}}