{"id":5910,"date":"2026-02-21T07:18:04","date_gmt":"2026-02-21T07:18:04","guid":{"rendered":"https:\/\/albim.fr\/?post_type=product&#038;p=5910"},"modified":"2026-03-17T08:58:00","modified_gmt":"2026-03-17T08:58:00","slug":"peynirli-kalem-boregi-2kg","status":"publish","type":"product","link":"https:\/\/albim.fr\/fr\/product\/peynirli-kalem-boregi-2kg\/","title":{"rendered":"Peynirli Kalem B\u00f6re\u011fi 2kg"},"content":{"rendered":null,"protected":false},"excerpt":{"rendered":"<p>Dondurulmu\u015f Peynirli Kalem Bore\u011fi 2kg Paket <b>\u224363pcs<\/b><\/p>","protected":false},"featured_media":4794,"comment_status":"closed","ping_status":"closed","template":"","meta":{"iawp_total_views":369},"product_brand":[],"product_cat":[201],"product_tag":[],"class_list":{"0":"post-5910","1":"product","2":"type-product","3":"status-publish","4":"has-post-thumbnail","6":"product_cat-dondurulmus-urunler","8":"first","9":"outofstock","10":"taxable","11":"shipping-taxable","12":"purchasable","13":"product-type-simple"},"_links":{"self":[{"href":"https:\/\/albim.fr\/fr\/wp-json\/wp\/v2\/product\/5910","targetHints":{"allow":["GET"]}}],"collection":[{"href":"https:\/\/albim.fr\/fr\/wp-json\/wp\/v2\/product"}],"about":[{"href":"https:\/\/albim.fr\/fr\/wp-json\/wp\/v2\/types\/product"}],"replies":[{"embeddable":true,"href":"https:\/\/albim.fr\/fr\/wp-json\/wp\/v2\/comments?post=5910"}],"wp:featuredmedia":[{"embeddable":true,"href":"https:\/\/albim.fr\/fr\/wp-json\/wp\/v2\/media\/4794"}],"wp:attachment":[{"href":"https:\/\/albim.fr\/fr\/wp-json\/wp\/v2\/media?parent=5910"}],"wp:term":[{"taxonomy":"product_brand","embeddable":true,"href":"https:\/\/albim.fr\/fr\/wp-json\/wp\/v2\/product_brand?post=5910"},{"taxonomy":"product_cat","embeddable":true,"href":"https:\/\/albim.fr\/fr\/wp-json\/wp\/v2\/product_cat?post=5910"},{"taxonomy":"product_tag","embeddable":true,"href":"https:\/\/albim.fr\/fr\/wp-json\/wp\/v2\/product_tag?post=5910"}],"curies":[{"name":"wp","href":"https:\/\/api.w.org\/{rel}","templated":true}]}}