{"id":6098,"date":"2026-04-03T11:07:22","date_gmt":"2026-04-03T11:07:22","guid":{"rendered":"https:\/\/albim.fr\/?post_type=product&#038;p=6098"},"modified":"2026-04-17T08:03:15","modified_gmt":"2026-04-17T08:03:15","slug":"albim-keyif-paketi","status":"publish","type":"product","link":"https:\/\/albim.fr\/fr\/product\/albim-keyif-paketi\/","title":{"rendered":"Albim Keyif Paketi"},"content":{"rendered":"<p data-path-to-node=\"3\"><b data-path-to-node=\"3\" data-index-in-node=\"0\">Keyif Paketi &#8211; Geleneksel Lezzetler Sepeti<\/b><\/p>\n<p data-path-to-node=\"4\">Sofralar\u0131n\u0131za lezzet ve keyif katacak, \u00f6zenle se\u00e7ti\u011fimiz y\u00f6resel tatlardan olu\u015fan &#8220;Keyif Paketi&#8221; ile tan\u0131\u015f\u0131n! Birbirinden lezzetli \u00fcr\u00fcnlerimizi tek bir sepette, \u00e7ok daha avantajl\u0131 bir fiyatla sizlere sunuyoruz.<\/p>\n<p data-path-to-node=\"5\"><b data-path-to-node=\"5\" data-index-in-node=\"0\">Paket \u0130\u00e7eri\u011fi (Toplam 8 \u00c7e\u015fit \u00dcr\u00fcn):<\/b><\/p>\n<ul data-path-to-node=\"6\">\n<li>\n<p data-path-to-node=\"6,0,0\">2 Paket K\u0131ymal\u0131 Mant\u0131<\/p>\n<\/li>\n<li>\n<p data-path-to-node=\"6,1,0\">1 Paket Patatesli Mant\u0131<\/p>\n<\/li>\n<li>\n<p data-path-to-node=\"6,2,0\">3 Paket Ekmeklik Yufka<\/p>\n<\/li>\n<li>\n<p data-path-to-node=\"6,3,0\">1 Paket \u0130\u00e7li K\u00f6fte<\/p>\n<\/li>\n<li>\n<p data-path-to-node=\"6,4,0\">1 Paket Sulu K\u00f6fte<\/p>\n<\/li>\n<li>\n<p data-path-to-node=\"6,5,0\">1 Paket Peynirli Su B\u00f6re\u011fi<\/p>\n<\/li>\n<li>\n<p data-path-to-node=\"6,6,0\">5 Paket B\u00f6reklik Yufka <i data-path-to-node=\"6,6,0\" data-index-in-node=\"23\">(4 Al 1 Bedava avantaj\u0131yla!)<\/i><\/p>\n<\/li>\n<li>\n<p data-path-to-node=\"6,7,0\">5 Paket \u00dc\u00e7gen Yufka <i data-path-to-node=\"6,7,0\" data-index-in-node=\"20\">(4 Al 1 Bedava avantaj\u0131yla!)<\/i><\/p>\n<\/li>\n<\/ul>\n<p data-path-to-node=\"7\"><b data-path-to-node=\"7\" data-index-in-node=\"0\">Fiyat Avantaj\u0131n\u0131z:<\/b> T\u00fcm bu e\u015fsiz lezzetleri tek tek sepetinize ekledi\u011finizde toplam tutar <b data-path-to-node=\"7\" data-index-in-node=\"89\">150 \u20ac<\/b> olmaktad\u0131r. Ancak &#8220;Keyif Paketi&#8221;ni tercih ederek <b data-path-to-node=\"7\" data-index-in-node=\"144\">15 \u20ac ekstra indirim<\/b> kazan\u0131yor ve t\u00fcm bu sete sadece <b data-path-to-node=\"7\" data-index-in-node=\"196\">135 \u20ac<\/b>&#8216;ya sahip oluyorsunuz! \u00dcstelik yufka \u00e7e\u015fitlerimizdeki &#8220;4 alana 1 bedava&#8221; f\u0131rsat\u0131 da bu paketin i\u00e7ine sizin i\u00e7in \u00f6zel olarak dahil edilmi\u015ftir.<\/p>\n<p data-path-to-node=\"8\">Ailenizle ve sevdiklerinizle kuraca\u011f\u0131n\u0131z zengin ve lezzet dolu sofralar i\u00e7in \u015fimdiden afiyet olsun!<\/p>","protected":false},"excerpt":{"rendered":"<p>Keyif Paketi &#8211; Geleneksel Lezzetler Sepeti Sofralar\u0131n\u0131za lezzet ve keyif katacak, \u00f6zenle se\u00e7ti\u011fimiz y\u00f6resel tatlardan olu\u015fan &#8220;Keyif Paketi&#8221; ile tan\u0131\u015f\u0131n! Birbirinden lezzetli \u00fcr\u00fcnlerimizi tek bir sepette, \u00e7ok daha avantajl\u0131 bir fiyatla sizlere sunuyoruz. Paket \u0130\u00e7eri\u011fi (Toplam 8 \u00c7e\u015fit \u00dcr\u00fcn): 2 Paket K\u0131ymal\u0131 Mant\u0131 1 Paket Patatesli Mant\u0131 3 Paket Ekmeklik Yufka 1 Paket \u0130\u00e7li K\u00f6fte [&hellip;]<\/p>","protected":false},"featured_media":6167,"comment_status":"closed","ping_status":"closed","template":"","meta":{"iawp_total_views":2122},"product_brand":[],"product_cat":[15,201,200,203],"product_tag":[],"class_list":{"0":"post-6098","1":"product","2":"type-product","3":"status-publish","4":"has-post-thumbnail","6":"product_cat-genel","7":"product_cat-dondurulmus-urunler","8":"product_cat-kuru-urunler","9":"product_cat-mantilar","11":"first","12":"instock","13":"sale","14":"taxable","15":"shipping-taxable","16":"purchasable","17":"product-type-simple"},"_links":{"self":[{"href":"https:\/\/albim.fr\/fr\/wp-json\/wp\/v2\/product\/6098","targetHints":{"allow":["GET"]}}],"collection":[{"href":"https:\/\/albim.fr\/fr\/wp-json\/wp\/v2\/product"}],"about":[{"href":"https:\/\/albim.fr\/fr\/wp-json\/wp\/v2\/types\/product"}],"replies":[{"embeddable":true,"href":"https:\/\/albim.fr\/fr\/wp-json\/wp\/v2\/comments?post=6098"}],"wp:featuredmedia":[{"embeddable":true,"href":"https:\/\/albim.fr\/fr\/wp-json\/wp\/v2\/media\/6167"}],"wp:attachment":[{"href":"https:\/\/albim.fr\/fr\/wp-json\/wp\/v2\/media?parent=6098"}],"wp:term":[{"taxonomy":"product_brand","embeddable":true,"href":"https:\/\/albim.fr\/fr\/wp-json\/wp\/v2\/product_brand?post=6098"},{"taxonomy":"product_cat","embeddable":true,"href":"https:\/\/albim.fr\/fr\/wp-json\/wp\/v2\/product_cat?post=6098"},{"taxonomy":"product_tag","embeddable":true,"href":"https:\/\/albim.fr\/fr\/wp-json\/wp\/v2\/product_tag?post=6098"}],"curies":[{"name":"wp","href":"https:\/\/api.w.org\/{rel}","templated":true}]}}