{"id":6103,"date":"2026-04-03T12:31:16","date_gmt":"2026-04-03T12:31:16","guid":{"rendered":"https:\/\/albim.fr\/?post_type=product&#038;p=6103"},"modified":"2026-04-17T08:05:52","modified_gmt":"2026-04-17T08:05:52","slug":"albim-solen-paketi","status":"publish","type":"product","link":"https:\/\/albim.fr\/fr\/product\/albim-solen-paketi\/","title":{"rendered":"Albim \u015e\u00f6len Paketi"},"content":{"rendered":"<p data-path-to-node=\"2\"><b data-path-to-node=\"2\" data-index-in-node=\"0\">\u015e\u00f6len Paketi &#8211; Geleneksel Lezzetler Ziyafeti<\/b><\/p>\n<p data-path-to-node=\"3\">Kalabal\u0131k sofralar\u0131n\u0131z\u0131 ziyafete d\u00f6n\u00fc\u015ft\u00fcrecek &#8216;\u015e\u00f6len Paketi&#8217;! En sevilen lezzetlerimizi b\u00fcy\u00fck bir indirimle tek sepette bulu\u015fturduk.<\/p>\n<p data-path-to-node=\"4\"><b data-path-to-node=\"4\" data-index-in-node=\"0\">Paket \u0130\u00e7eri\u011fi:<\/b><\/p>\n<ul data-path-to-node=\"5\">\n<li>\n<p data-path-to-node=\"5,0,0\">2 Paket K\u0131ymal\u0131 Mant\u0131<\/p>\n<\/li>\n<li>\n<p data-path-to-node=\"5,1,0\">1 Paket Patatesli Mant\u0131<\/p>\n<\/li>\n<li>\n<p data-path-to-node=\"5,2,0\">2 Paket \u0130\u00e7li K\u00f6fte<\/p>\n<\/li>\n<li>\n<p data-path-to-node=\"5,3,0\">2 Paket Sulu K\u00f6fte<\/p>\n<\/li>\n<li>\n<p data-path-to-node=\"5,4,0\">2 Paket Lahmacun<\/p>\n<\/li>\n<li>\n<p data-path-to-node=\"5,5,0\">5 Paket B\u00f6reklik Yufka <i data-path-to-node=\"5,5,0\" data-index-in-node=\"23\">(4 Al 1 Bedava avantaj\u0131yla!)<\/i><\/p>\n<\/li>\n<li>\n<p data-path-to-node=\"5,6,0\">5 Paket \u00dc\u00e7gen Yufka <i data-path-to-node=\"5,6,0\" data-index-in-node=\"20\">(4 Al 1 Bedava avantaj\u0131yla!)<\/i><\/p>\n<\/li>\n<li>\n<p data-path-to-node=\"5,7,0\">1 Paket Ekmeklik Yufka (5&#8217;li Paket)<\/p>\n<\/li>\n<\/ul>\n<p data-path-to-node=\"6\"><b data-path-to-node=\"6\" data-index-in-node=\"0\">Fiyat Avantaj\u0131n\u0131z:<\/b> T\u00fcm bu e\u015fsiz lezzetleri tek tek sat\u0131n ald\u0131\u011f\u0131n\u0131zda toplam tutar <b data-path-to-node=\"6\" data-index-in-node=\"82\">206 \u20ac<\/b> olmaktad\u0131r. Ancak &#8220;\u015e\u00f6len Paketi&#8221;ni tercih ederek an\u0131nda <b data-path-to-node=\"6\" data-index-in-node=\"144\">25 \u20ac ekstra indirim<\/b> kazan\u0131yor ve bu dev ziyafet setine sadece <b data-path-to-node=\"6\" data-index-in-node=\"206\">181 \u20ac<\/b>&#8216;ya sahip oluyorsunuz! \u00dcstelik yufka \u00e7e\u015fitlerimizdeki avantajl\u0131 fiyatlar da bu pakete \u00f6zel olarak dahil edilmi\u015ftir.<\/p>\n<p data-path-to-node=\"7\">\u015eimdiden sofralar\u0131n\u0131za bereket, hepinize afiyet olsun!<\/p>","protected":false},"excerpt":{"rendered":"<p>\u015e\u00f6len Paketi &#8211; Geleneksel Lezzetler Ziyafeti Kalabal\u0131k sofralar\u0131n\u0131z\u0131 ziyafete d\u00f6n\u00fc\u015ft\u00fcrecek &#8216;\u015e\u00f6len Paketi&#8217;! En sevilen lezzetlerimizi b\u00fcy\u00fck bir indirimle tek sepette bulu\u015fturduk. Paket \u0130\u00e7eri\u011fi: 2 Paket K\u0131ymal\u0131 Mant\u0131 1 Paket Patatesli Mant\u0131 2 Paket \u0130\u00e7li K\u00f6fte 2 Paket Sulu K\u00f6fte 2 Paket Lahmacun 5 Paket B\u00f6reklik Yufka (4 Al 1 Bedava avantaj\u0131yla!) 5 Paket \u00dc\u00e7gen Yufka [&hellip;]<\/p>","protected":false},"featured_media":6168,"comment_status":"closed","ping_status":"closed","template":"","meta":{"iawp_total_views":941},"product_brand":[],"product_cat":[15,201,200,203],"product_tag":[],"class_list":{"0":"post-6103","1":"product","2":"type-product","3":"status-publish","4":"has-post-thumbnail","6":"product_cat-genel","7":"product_cat-dondurulmus-urunler","8":"product_cat-kuru-urunler","9":"product_cat-mantilar","11":"first","12":"instock","13":"sale","14":"taxable","15":"shipping-taxable","16":"purchasable","17":"product-type-simple"},"_links":{"self":[{"href":"https:\/\/albim.fr\/fr\/wp-json\/wp\/v2\/product\/6103","targetHints":{"allow":["GET"]}}],"collection":[{"href":"https:\/\/albim.fr\/fr\/wp-json\/wp\/v2\/product"}],"about":[{"href":"https:\/\/albim.fr\/fr\/wp-json\/wp\/v2\/types\/product"}],"replies":[{"embeddable":true,"href":"https:\/\/albim.fr\/fr\/wp-json\/wp\/v2\/comments?post=6103"}],"wp:featuredmedia":[{"embeddable":true,"href":"https:\/\/albim.fr\/fr\/wp-json\/wp\/v2\/media\/6168"}],"wp:attachment":[{"href":"https:\/\/albim.fr\/fr\/wp-json\/wp\/v2\/media?parent=6103"}],"wp:term":[{"taxonomy":"product_brand","embeddable":true,"href":"https:\/\/albim.fr\/fr\/wp-json\/wp\/v2\/product_brand?post=6103"},{"taxonomy":"product_cat","embeddable":true,"href":"https:\/\/albim.fr\/fr\/wp-json\/wp\/v2\/product_cat?post=6103"},{"taxonomy":"product_tag","embeddable":true,"href":"https:\/\/albim.fr\/fr\/wp-json\/wp\/v2\/product_tag?post=6103"}],"curies":[{"name":"wp","href":"https:\/\/api.w.org\/{rel}","templated":true}]}}