{"id":6164,"date":"2026-04-17T07:52:22","date_gmt":"2026-04-17T07:52:22","guid":{"rendered":"https:\/\/albim.fr\/?post_type=product&#038;p=6164"},"modified":"2026-04-17T08:07:54","modified_gmt":"2026-04-17T08:07:54","slug":"6164","status":"publish","type":"product","link":"https:\/\/albim.fr\/fr\/product\/6164\/","title":{"rendered":"Albim &#8211; Tatl\u0131 Ba\u015flang\u0131\u00e7 Paketi"},"content":{"rendered":"<p data-path-to-node=\"2\"><b data-path-to-node=\"2\" data-index-in-node=\"0\">Tatl\u0131 Ba\u015flang\u0131\u00e7 Paketi &#8211; Lezzet Dolu Tan\u0131\u015fma F\u0131rsat\u0131<\/b><\/p>\n<p data-path-to-node=\"3\">Sofralar\u0131n\u0131za y\u00f6resel ve pratik lezzetlerimizi ta\u015f\u0131mak i\u00e7in harika bir f\u0131rsat! Birbirinden doyurucu ve nefis \u00fcr\u00fcnlerimizle tan\u0131\u015fman\u0131z i\u00e7in haz\u0131rlad\u0131\u011f\u0131m\u0131z &#8220;Tatl\u0131 Ba\u015flang\u0131\u00e7 Paketi&#8221; ile e\u015fsiz tatlar\u0131m\u0131z\u0131 tek bir sepette, \u00e7ok avantajl\u0131 bir fiyatla sizlere sunuyoruz.<\/p>\n<p data-path-to-node=\"4\"><b data-path-to-node=\"4\" data-index-in-node=\"0\">Paket \u0130\u00e7eri\u011fi (Toplam 4 \u00c7e\u015fit \u00dcr\u00fcn):<\/b><\/p>\n<ul data-path-to-node=\"5\">\n<li>\n<p data-path-to-node=\"5,0,0\"><b data-path-to-node=\"5,0,0\" data-index-in-node=\"0\">1 Paket (1kg)<\/b> K\u0131ymal\u0131 Sulu K\u00f6fte<\/p>\n<\/li>\n<li>\n<p data-path-to-node=\"5,1,0\"><b data-path-to-node=\"5,1,0\" data-index-in-node=\"0\">1 Paket (2kg)<\/b> K\u0131ymal\u0131 \u0130\u00e7li K\u00f6fte<\/p>\n<\/li>\n<li>\n<p data-path-to-node=\"5,2,0\"><b data-path-to-node=\"5,2,0\" data-index-in-node=\"0\">1 Paket (2.5kg)<\/b> Patatesli G\u00fcl Mant\u0131<\/p>\n<\/li>\n<li>\n<p data-path-to-node=\"5,3,0\"><b data-path-to-node=\"5,3,0\" data-index-in-node=\"0\">1 Paket (2.5kg)<\/b> K\u0131ymal\u0131 Kayseri Mant\u0131s\u0131<\/p>\n<\/li>\n<\/ul>\n<p data-path-to-node=\"6\"><b data-path-to-node=\"6\" data-index-in-node=\"0\">Fiyat Avantaj\u0131n\u0131z ve Kampanya Detaylar\u0131:<\/b> \u00d6zenle se\u00e7ilmi\u015f, y\u00fcksek gramajl\u0131 ve doyurucu bu enfes sete <b data-path-to-node=\"6\" data-index-in-node=\"100\">sadece 80 \u20ac<\/b>&#8216;ya sahip olabilirsiniz! Albim kalitesiyle mutfa\u011f\u0131n\u0131zda harikalar yaratmak i\u00e7in haz\u0131rlad\u0131\u011f\u0131m\u0131z bu \u00f6zel f\u0131rsat <b data-path-to-node=\"6\" data-index-in-node=\"221\">1 ay boyunca<\/b> ve yaln\u0131zca <b data-path-to-node=\"6\" data-index-in-node=\"246\">kamyon sat\u0131\u015flar\u0131nda<\/b> ge\u00e7erlidir.<\/p>\n<p data-path-to-node=\"7\">Ailenizle ve sevdiklerinizle kuraca\u011f\u0131n\u0131z zengin, pratik ve lezzet dolu sofralar i\u00e7in \u015fimdiden afiyet olsun!<\/p>","protected":false},"excerpt":{"rendered":"<p>Tatl\u0131 Ba\u015flang\u0131\u00e7 Paketi &#8211; Lezzet Dolu Tan\u0131\u015fma F\u0131rsat\u0131 Sofralar\u0131n\u0131za y\u00f6resel ve pratik lezzetlerimizi ta\u015f\u0131mak i\u00e7in harika bir f\u0131rsat! Birbirinden doyurucu ve nefis \u00fcr\u00fcnlerimizle tan\u0131\u015fman\u0131z i\u00e7in haz\u0131rlad\u0131\u011f\u0131m\u0131z &#8220;Tatl\u0131 Ba\u015flang\u0131\u00e7 Paketi&#8221; ile e\u015fsiz tatlar\u0131m\u0131z\u0131 tek bir sepette, \u00e7ok avantajl\u0131 bir fiyatla sizlere sunuyoruz. Paket \u0130\u00e7eri\u011fi (Toplam 4 \u00c7e\u015fit \u00dcr\u00fcn): 1 Paket (1kg) K\u0131ymal\u0131 Sulu K\u00f6fte 1 Paket [&hellip;]<\/p>","protected":false},"featured_media":6165,"comment_status":"closed","ping_status":"closed","template":"","meta":{"iawp_total_views":15},"product_brand":[],"product_cat":[15,201,200,203],"product_tag":[],"class_list":{"0":"post-6164","1":"product","2":"type-product","3":"status-publish","4":"has-post-thumbnail","6":"product_cat-genel","7":"product_cat-dondurulmus-urunler","8":"product_cat-kuru-urunler","9":"product_cat-mantilar","11":"first","12":"instock","13":"sale","14":"taxable","15":"shipping-taxable","16":"purchasable","17":"product-type-simple"},"_links":{"self":[{"href":"https:\/\/albim.fr\/fr\/wp-json\/wp\/v2\/product\/6164","targetHints":{"allow":["GET"]}}],"collection":[{"href":"https:\/\/albim.fr\/fr\/wp-json\/wp\/v2\/product"}],"about":[{"href":"https:\/\/albim.fr\/fr\/wp-json\/wp\/v2\/types\/product"}],"replies":[{"embeddable":true,"href":"https:\/\/albim.fr\/fr\/wp-json\/wp\/v2\/comments?post=6164"}],"wp:featuredmedia":[{"embeddable":true,"href":"https:\/\/albim.fr\/fr\/wp-json\/wp\/v2\/media\/6165"}],"wp:attachment":[{"href":"https:\/\/albim.fr\/fr\/wp-json\/wp\/v2\/media?parent=6164"}],"wp:term":[{"taxonomy":"product_brand","embeddable":true,"href":"https:\/\/albim.fr\/fr\/wp-json\/wp\/v2\/product_brand?post=6164"},{"taxonomy":"product_cat","embeddable":true,"href":"https:\/\/albim.fr\/fr\/wp-json\/wp\/v2\/product_cat?post=6164"},{"taxonomy":"product_tag","embeddable":true,"href":"https:\/\/albim.fr\/fr\/wp-json\/wp\/v2\/product_tag?post=6164"}],"curies":[{"name":"wp","href":"https:\/\/api.w.org\/{rel}","templated":true}]}}