{"id":6192,"date":"2026-04-19T13:58:08","date_gmt":"2026-04-19T13:58:08","guid":{"rendered":"https:\/\/albim.fr\/?post_type=product&#038;p=6192"},"modified":"2026-04-19T16:01:54","modified_gmt":"2026-04-19T16:01:54","slug":"patatesli-tepsi-boregi","status":"publish","type":"product","link":"https:\/\/albim.fr\/fr\/product\/patatesli-tepsi-boregi\/","title":{"rendered":"Patatesli Tepsi B\u00f6re\u011fi 800g"},"content":{"rendered":"<p>Patatesli Tepsi B\u00f6re\u011fi &#8211; 800gr<\/p>","protected":false},"excerpt":{"rendered":"<p>Patatesli Tepsi B\u00f6re\u011fi &#8211; 800gr<\/p>","protected":false},"featured_media":6194,"comment_status":"closed","ping_status":"closed","template":"","meta":{"iawp_total_views":6},"product_brand":[],"product_cat":[15,201],"product_tag":[],"class_list":{"0":"post-6192","1":"product","2":"type-product","3":"status-publish","4":"has-post-thumbnail","6":"product_cat-genel","7":"product_cat-dondurulmus-urunler","9":"first","10":"instock","11":"taxable","12":"shipping-taxable","13":"purchasable","14":"product-type-simple"},"_links":{"self":[{"href":"https:\/\/albim.fr\/fr\/wp-json\/wp\/v2\/product\/6192","targetHints":{"allow":["GET"]}}],"collection":[{"href":"https:\/\/albim.fr\/fr\/wp-json\/wp\/v2\/product"}],"about":[{"href":"https:\/\/albim.fr\/fr\/wp-json\/wp\/v2\/types\/product"}],"replies":[{"embeddable":true,"href":"https:\/\/albim.fr\/fr\/wp-json\/wp\/v2\/comments?post=6192"}],"wp:featuredmedia":[{"embeddable":true,"href":"https:\/\/albim.fr\/fr\/wp-json\/wp\/v2\/media\/6194"}],"wp:attachment":[{"href":"https:\/\/albim.fr\/fr\/wp-json\/wp\/v2\/media?parent=6192"}],"wp:term":[{"taxonomy":"product_brand","embeddable":true,"href":"https:\/\/albim.fr\/fr\/wp-json\/wp\/v2\/product_brand?post=6192"},{"taxonomy":"product_cat","embeddable":true,"href":"https:\/\/albim.fr\/fr\/wp-json\/wp\/v2\/product_cat?post=6192"},{"taxonomy":"product_tag","embeddable":true,"href":"https:\/\/albim.fr\/fr\/wp-json\/wp\/v2\/product_tag?post=6192"}],"curies":[{"name":"wp","href":"https:\/\/api.w.org\/{rel}","templated":true}]}}